{"id":1967,"date":"2022-11-06T21:19:20","date_gmt":"2022-11-06T21:19:20","guid":{"rendered":"https:\/\/fernandolara.com.mx\/?page_id=1967"},"modified":"2022-11-06T21:27:14","modified_gmt":"2022-11-06T21:27:14","slug":"terminos-y-condiciones","status":"publish","type":"page","link":"https:\/\/fernandolara.com.mx\/en\/terminos-y-condiciones\/","title":{"rendered":"Terms &amp; Conditions"},"content":{"rendered":"<div data-elementor-type=\"wp-page\" data-elementor-id=\"1967\" class=\"elementor elementor-1967\" data-elementor-post-type=\"page\">\n\t\t\t\t\t\t<section class=\"elementor-section elementor-top-section elementor-element elementor-element-11c89822 elementor-section-boxed elementor-section-height-default elementor-section-height-default\" data-id=\"11c89822\" data-element_type=\"section\" data-e-type=\"section\" data-settings=\"{&quot;background_background&quot;:&quot;classic&quot;}\">\n\t\t\t\t\t\t\t<div class=\"elementor-background-overlay\"><\/div>\n\t\t\t\t\t\t\t<div class=\"elementor-container elementor-column-gap-default\">\n\t\t\t\t\t<div class=\"elementor-column elementor-col-100 elementor-top-column elementor-element elementor-element-69adc284\" data-id=\"69adc284\" data-element_type=\"column\" data-e-type=\"column\">\n\t\t\t<div class=\"elementor-widget-wrap elementor-element-populated\">\n\t\t\t\t\t\t<div class=\"elementor-element elementor-element-b954d52 elementor-widget elementor-widget-heading\" data-id=\"b954d52\" data-element_type=\"widget\" data-e-type=\"widget\" data-widget_type=\"heading.default\">\n\t\t\t\t<div class=\"elementor-widget-container\">\n\t\t\t\t\t<h2 class=\"elementor-heading-title elementor-size-default\">Terms &amp; Conditions<\/h2>\t\t\t\t<\/div>\n\t\t\t\t<\/div>\n\t\t\t\t\t<\/div>\n\t\t<\/div>\n\t\t\t\t\t<\/div>\n\t\t<\/section>\n\t\t\t\t<section class=\"elementor-section elementor-top-section elementor-element elementor-element-74c94fc elementor-section-boxed elementor-section-height-default elementor-section-height-default\" data-id=\"74c94fc\" data-element_type=\"section\" data-e-type=\"section\">\n\t\t\t\t\t\t<div class=\"elementor-container elementor-column-gap-default\">\n\t\t\t\t\t<div class=\"elementor-column elementor-col-100 elementor-top-column elementor-element elementor-element-49669a3\" data-id=\"49669a3\" data-element_type=\"column\" data-e-type=\"column\">\n\t\t\t<div class=\"elementor-widget-wrap elementor-element-populated\">\n\t\t\t\t\t\t<div class=\"elementor-element elementor-element-559714d elementor-widget elementor-widget-text-editor\" data-id=\"559714d\" data-element_type=\"widget\" data-e-type=\"widget\" data-widget_type=\"text-editor.default\">\n\t\t\t\t<div class=\"elementor-widget-container\">\n\t\t\t\t\t\t\t\t\t<ul>\n<li><b>Una vez entregado el (los) gui\u00f3n (es) se asume, por ambas partes, la nulidad de cualquier tipo de cambios posteriores.<\/b><\/li>\n<li>En caso de requerir servicios extras como: nueva grabaci\u00f3n, archivos por separado, ecualizaci\u00f3n, sincronizaci\u00f3n de la l\u00ednea de tiempo con alg\u00fan video, cambios en el gui\u00f3n, etc., por favor solicite tarifas.<\/li>\n<li>Cada spot est\u00e1 garantizado 100% sobre problemas de pronunciaci\u00f3n, dicci\u00f3n o edici\u00f3n.<\/li>\n<li>La entrega se hace v\u00eda mail en formato digital (correo electr\u00f3nico).<\/li>\n<li>La grabaci\u00f3n de cada spot se realiza en alta calidad y una sola intenci\u00f3n de voz.<\/li>\n<li>Tiempo de entrega pendiente (por acordar).<\/li>\n<li>El pago de los servicios se solicita por anticipado al 100%.<\/li>\n<li>El cliente cuenta con 3 d\u00edas naturales para la validaci\u00f3n final del proyecto. En caso de no recibir alguna retroalimentaci\u00f3n se asume, por ambas partes, la conclusi\u00f3n satisfactoria del mismo.<\/li>\n<li>Puedo entregar comprobante fiscal para clientes en M\u00e9xico.<\/li>\n<\/ul>\t\t\t\t\t\t\t\t<\/div>\n\t\t\t\t<\/div>\n\t\t\t\t\t<\/div>\n\t\t<\/div>\n\t\t\t\t\t<\/div>\n\t\t<\/section>\n\t\t\t\t<\/div>","protected":false},"excerpt":{"rendered":"<p>T\u00e9rminos y Condiciones Una vez entregado el (los) gui\u00f3n (es) se asume, por ambas partes, la nulidad de cualquier tipo de cambios posteriores. En caso de requerir servicios extras como: nueva grabaci\u00f3n, archivos por separado, ecualizaci\u00f3n, sincronizaci\u00f3n de la l\u00ednea de tiempo con alg\u00fan video, cambios en el gui\u00f3n, etc., por favor solicite tarifas. Cada [&hellip;]<\/p>\n","protected":false},"author":1,"featured_media":0,"parent":0,"menu_order":0,"comment_status":"closed","ping_status":"closed","template":"","meta":{"inline_featured_image":false,"site-sidebar-layout":"no-sidebar","site-content-layout":"page-builder","ast-site-content-layout":"","site-content-style":"default","site-sidebar-style":"default","ast-global-header-display":"","ast-banner-title-visibility":"","ast-main-header-display":"disabled","ast-hfb-above-header-display":"disabled","ast-hfb-below-header-display":"disabled","ast-hfb-mobile-header-display":"disabled","site-post-title":"disabled","ast-breadcrumbs-content":"disabled","ast-featured-img":"disabled","footer-sml-layout":"disabled","theme-transparent-header-meta":"","adv-header-id-meta":"","stick-header-meta":"","header-above-stick-meta":"","header-main-stick-meta":"","header-below-stick-meta":"","astra-migrate-meta-layouts":"default","ast-page-background-enabled":"default","ast-page-background-meta":{"desktop":{"background-color":"var(--ast-global-color-4)","background-image":"","background-repeat":"repeat","background-position":"center center","background-size":"auto","background-attachment":"scroll","background-type":"","background-media":"","overlay-type":"","overlay-color":"","overlay-opacity":"","overlay-gradient":""},"tablet":{"background-color":"","background-image":"","background-repeat":"repeat","background-position":"center center","background-size":"auto","background-attachment":"scroll","background-type":"","background-media":"","overlay-type":"","overlay-color":"","overlay-opacity":"","overlay-gradient":""},"mobile":{"background-color":"","background-image":"","background-repeat":"repeat","background-position":"center center","background-size":"auto","background-attachment":"scroll","background-type":"","background-media":"","overlay-type":"","overlay-color":"","overlay-opacity":"","overlay-gradient":""}},"ast-content-background-meta":{"desktop":{"background-color":"var(--ast-global-color-5)","background-image":"","background-repeat":"repeat","background-position":"center center","background-size":"auto","background-attachment":"scroll","background-type":"","background-media":"","overlay-type":"","overlay-color":"","overlay-opacity":"","overlay-gradient":""},"tablet":{"background-color":"var(--ast-global-color-5)","background-image":"","background-repeat":"repeat","background-position":"center center","background-size":"auto","background-attachment":"scroll","background-type":"","background-media":"","overlay-type":"","overlay-color":"","overlay-opacity":"","overlay-gradient":""},"mobile":{"background-color":"var(--ast-global-color-5)","background-image":"","background-repeat":"repeat","background-position":"center center","background-size":"auto","background-attachment":"scroll","background-type":"","background-media":"","overlay-type":"","overlay-color":"","overlay-opacity":"","overlay-gradient":""}},"footnotes":""},"class_list":["post-1967","page","type-page","status-publish","hentry"],"_links":{"self":[{"href":"https:\/\/fernandolara.com.mx\/en\/wp-json\/wp\/v2\/pages\/1967","targetHints":{"allow":["GET"]}}],"collection":[{"href":"https:\/\/fernandolara.com.mx\/en\/wp-json\/wp\/v2\/pages"}],"about":[{"href":"https:\/\/fernandolara.com.mx\/en\/wp-json\/wp\/v2\/types\/page"}],"author":[{"embeddable":true,"href":"https:\/\/fernandolara.com.mx\/en\/wp-json\/wp\/v2\/users\/1"}],"replies":[{"embeddable":true,"href":"https:\/\/fernandolara.com.mx\/en\/wp-json\/wp\/v2\/comments?post=1967"}],"version-history":[{"count":0,"href":"https:\/\/fernandolara.com.mx\/en\/wp-json\/wp\/v2\/pages\/1967\/revisions"}],"wp:attachment":[{"href":"https:\/\/fernandolara.com.mx\/en\/wp-json\/wp\/v2\/media?parent=1967"}],"curies":[{"name":"wp","href":"https:\/\/api.w.org\/{rel}","templated":true}]}}